{"id":1085,"date":"2025-01-23T10:33:36","date_gmt":"2025-01-23T08:33:36","guid":{"rendered":"https:\/\/statybakitaip.lt\/kontaktai\/"},"modified":"2025-04-07T20:56:27","modified_gmt":"2025-04-07T18:56:27","slug":"contacts","status":"publish","type":"page","link":"https:\/\/statybakitaip.lt\/en\/contacts\/","title":{"rendered":"Contacts"},"content":{"rendered":"<section class=\"l-section wpb_row us_custom_2be09e97 has_text_color height_huge with_video\"><div id=\"us_bg_video_o5ea\" class=\"l-section-video\"><script id=\"us_bg_video_o5ea-script\">!function(w){var node = document.getElementById( 'us_bg_video_o5ea' );if ( w.innerWidth <= 600 ) { node.remove() }}(window);<\/script><style>@media(max-width:600px){#us_bg_video_o5ea{display:none!important}}<\/style><video  autoplay loop muted playsinline preload=\"auto\"><source type=\"video\/mp4\" src=\"https:\/\/statybakitaip.lt\/wp-content\/uploads\/shutterstock-1097169027_Hm62PR39.mp4\" \/><\/video><\/div><div class=\"l-section-overlay\" style=\"background:linear-gradient(90deg,rgba(0,0,0,0.55), rgba(0,0,0,0.55), rgba(0,0,0,0.3), rgba(0,0,0,0), rgba(0,0,0,0), rgba(0,0,0,0))\"><\/div><div class=\"l-section-h i-cf\"><div class=\"g-cols vc_row via_grid cols_2 laptops-cols_inherit tablets-cols_inherit mobiles-cols_1 valign_top type_default stacking_default\"><div class=\"wpb_column vc_column_container\"><div class=\"vc_column-inner\"><h1 class=\"w-post-elm post_title entry-title color_link_inherit\">Contacts<\/h1><\/div><\/div><div class=\"wpb_column vc_column_container\"><div class=\"vc_column-inner\"><\/div><\/div><\/div><\/div><\/section><section class=\"l-section wpb_row us_custom_1add9ef2 height_auto\" id=\"susisiekti\"><div class=\"l-section-h i-cf\"><div class=\"g-cols vc_row via_grid cols_1-2 laptops-cols_inherit tablets-cols_inherit mobiles-cols_1 valign_top type_default stacking_default\" style=\"--columns-gap:0rem;\"><div class=\"wpb_column vc_column_container\"><div class=\"vc_column-inner\"><div class=\"wpb_text_column\"><div class=\"wpb_wrapper\"><h3>Contact us<\/h3>\n<\/div><\/div><div class=\"w-separator size_small\"><\/div><div class=\"w-vwrapper align_none valign_top\" style=\"--vwrapper-gap:1.2rem\"><div class=\"w-text icon_atleft\"><span class=\"w-text-h\"><i class=\"far fa-briefcase\"><\/i><span class=\"w-text-value\">UAB \u201eConsAliter\u201c<\/span><\/span><\/div><div class=\"w-text icon_atleft\"><span class=\"w-text-h\"><i class=\"far fa-map\"><\/i><span class=\"w-text-value\">Ozo g. 4-308, Vilnius<\/span><\/span><\/div><div class=\"w-text icon_atleft\"><a href=\"mailto:consaliter@gmail.com\" class=\"w-text-h\"><i class=\"far fa-envelope-open\"><\/i><span class=\"w-text-value\">consaliter@gmail.com<\/span><\/a><\/div><div class=\"w-text icon_atleft\"><a href=\"tel:+370 620 69973\" class=\"w-text-h\"><i class=\"far fa-phone-alt\"><\/i><span class=\"w-text-value\">+370 620 69973<\/span><\/a><\/div><\/div><div class=\"w-separator size_custom\" style=\"height:0rem\" id=\"p428\"><style>@media(max-width:1024px){ #p428{height:3rem!important}}@media(max-width:600px){ #p428{height:3rem!important}}<\/style><\/div><\/div><\/div><div class=\"wpb_column vc_column_container\"><div class=\"vc_column-inner\"><div class=\"g-cols wpb_row us_custom_a5005b1e has_text_color via_grid cols_1 laptops-cols_inherit tablets-cols_inherit mobiles-cols_1 valign_top type_default stacking_default\" style=\"--columns-gap:2.2rem;\"><div class=\"wpb_column vc_column_container\"><div class=\"vc_column-inner\">[vc_raw_html]JTVCZm9ybWluYXRvcl9mb3JtJTIwaWQlM0QlMjIxMjQ3JTIyJTVE[\/vc_raw_html]<\/div><\/div><\/div><\/div><\/div><\/div><\/div><\/section>\n","protected":false},"excerpt":{"rendered":"ContactsContact us UAB \u201eConsAliter\u201cOzo g. 4-308, Vilniusconsaliter@gmail.com+370 620 69973[vc_raw_html]JTVCZm9ybWluYXRvcl9mb3JtJTIwaWQlM0QlMjIxMjQ3JTIyJTVE[\/vc_raw_html]","protected":false},"author":2,"featured_media":0,"parent":0,"menu_order":0,"comment_status":"closed","ping_status":"closed","template":"","meta":{"_acf_changed":false,"footnotes":""},"class_list":["post-1085","page","type-page","status-publish","hentry"],"acf":[],"yoast_head":"<!-- This site is optimized with the Yoast SEO plugin v25.3.1 - https:\/\/yoast.com\/wordpress\/plugins\/seo\/ -->\n<title>Contacts - ConsAliter<\/title>\n<meta name=\"robots\" content=\"index, follow, max-snippet:-1, max-image-preview:large, max-video-preview:-1\" \/>\n<link rel=\"canonical\" href=\"https:\/\/statybakitaip.lt\/en\/contacts\/\" \/>\n<meta property=\"og:locale\" content=\"en_US\" \/>\n<meta property=\"og:type\" content=\"article\" \/>\n<meta property=\"og:title\" content=\"Contacts - ConsAliter\" \/>\n<meta property=\"og:url\" content=\"https:\/\/statybakitaip.lt\/en\/contacts\/\" \/>\n<meta property=\"og:site_name\" content=\"ConsAliter\" \/>\n<meta property=\"article:modified_time\" content=\"2025-04-07T18:56:27+00:00\" \/>\n<meta name=\"twitter:card\" content=\"summary_large_image\" \/>\n<meta name=\"twitter:label1\" content=\"Est. reading time\" \/>\n\t<meta name=\"twitter:data1\" content=\"2 minutes\" \/>\n<script type=\"application\/ld+json\" class=\"yoast-schema-graph\">{\"@context\":\"https:\/\/schema.org\",\"@graph\":[{\"@type\":\"WebPage\",\"@id\":\"https:\/\/statybakitaip.lt\/en\/contacts\/\",\"url\":\"https:\/\/statybakitaip.lt\/en\/contacts\/\",\"name\":\"Contacts - ConsAliter\",\"isPartOf\":{\"@id\":\"https:\/\/statybakitaip.lt\/en\/#website\"},\"datePublished\":\"2025-01-23T08:33:36+00:00\",\"dateModified\":\"2025-04-07T18:56:27+00:00\",\"breadcrumb\":{\"@id\":\"https:\/\/statybakitaip.lt\/en\/contacts\/#breadcrumb\"},\"inLanguage\":\"en-US\",\"potentialAction\":[{\"@type\":\"ReadAction\",\"target\":[\"https:\/\/statybakitaip.lt\/en\/contacts\/\"]}]},{\"@type\":\"BreadcrumbList\",\"@id\":\"https:\/\/statybakitaip.lt\/en\/contacts\/#breadcrumb\",\"itemListElement\":[{\"@type\":\"ListItem\",\"position\":1,\"name\":\"Home\",\"item\":\"https:\/\/statybakitaip.lt\/en\/\"},{\"@type\":\"ListItem\",\"position\":2,\"name\":\"Contacts\"}]},{\"@type\":\"WebSite\",\"@id\":\"https:\/\/statybakitaip.lt\/en\/#website\",\"url\":\"https:\/\/statybakitaip.lt\/en\/\",\"name\":\"ConsAliter\",\"description\":\"Statybos darbai ir interjero \u012frengimas J\u016bs\u0173 namams\",\"publisher\":{\"@id\":\"https:\/\/statybakitaip.lt\/en\/#organization\"},\"potentialAction\":[{\"@type\":\"SearchAction\",\"target\":{\"@type\":\"EntryPoint\",\"urlTemplate\":\"https:\/\/statybakitaip.lt\/en\/?s={search_term_string}\"},\"query-input\":{\"@type\":\"PropertyValueSpecification\",\"valueRequired\":true,\"valueName\":\"search_term_string\"}}],\"inLanguage\":\"en-US\"},{\"@type\":\"Organization\",\"@id\":\"https:\/\/statybakitaip.lt\/en\/#organization\",\"name\":\"ConsAliter\",\"url\":\"https:\/\/statybakitaip.lt\/en\/\",\"logo\":{\"@type\":\"ImageObject\",\"inLanguage\":\"en-US\",\"@id\":\"https:\/\/statybakitaip.lt\/en\/#\/schema\/logo\/image\/\",\"url\":\"https:\/\/statybakitaip.lt\/wp-content\/uploads\/logo_long-darker.png\",\"contentUrl\":\"https:\/\/statybakitaip.lt\/wp-content\/uploads\/logo_long-darker.png\",\"width\":400,\"height\":175,\"caption\":\"ConsAliter\"},\"image\":{\"@id\":\"https:\/\/statybakitaip.lt\/en\/#\/schema\/logo\/image\/\"}}]}<\/script>\n<!-- \/ Yoast SEO plugin. -->","yoast_head_json":{"title":"Contacts - ConsAliter","robots":{"index":"index","follow":"follow","max-snippet":"max-snippet:-1","max-image-preview":"max-image-preview:large","max-video-preview":"max-video-preview:-1"},"canonical":"https:\/\/statybakitaip.lt\/en\/contacts\/","og_locale":"en_US","og_type":"article","og_title":"Contacts - ConsAliter","og_url":"https:\/\/statybakitaip.lt\/en\/contacts\/","og_site_name":"ConsAliter","article_modified_time":"2025-04-07T18:56:27+00:00","twitter_card":"summary_large_image","twitter_misc":{"Est. reading time":"2 minutes"},"schema":{"@context":"https:\/\/schema.org","@graph":[{"@type":"WebPage","@id":"https:\/\/statybakitaip.lt\/en\/contacts\/","url":"https:\/\/statybakitaip.lt\/en\/contacts\/","name":"Contacts - ConsAliter","isPartOf":{"@id":"https:\/\/statybakitaip.lt\/en\/#website"},"datePublished":"2025-01-23T08:33:36+00:00","dateModified":"2025-04-07T18:56:27+00:00","breadcrumb":{"@id":"https:\/\/statybakitaip.lt\/en\/contacts\/#breadcrumb"},"inLanguage":"en-US","potentialAction":[{"@type":"ReadAction","target":["https:\/\/statybakitaip.lt\/en\/contacts\/"]}]},{"@type":"BreadcrumbList","@id":"https:\/\/statybakitaip.lt\/en\/contacts\/#breadcrumb","itemListElement":[{"@type":"ListItem","position":1,"name":"Home","item":"https:\/\/statybakitaip.lt\/en\/"},{"@type":"ListItem","position":2,"name":"Contacts"}]},{"@type":"WebSite","@id":"https:\/\/statybakitaip.lt\/en\/#website","url":"https:\/\/statybakitaip.lt\/en\/","name":"ConsAliter","description":"Statybos darbai ir interjero \u012frengimas J\u016bs\u0173 namams","publisher":{"@id":"https:\/\/statybakitaip.lt\/en\/#organization"},"potentialAction":[{"@type":"SearchAction","target":{"@type":"EntryPoint","urlTemplate":"https:\/\/statybakitaip.lt\/en\/?s={search_term_string}"},"query-input":{"@type":"PropertyValueSpecification","valueRequired":true,"valueName":"search_term_string"}}],"inLanguage":"en-US"},{"@type":"Organization","@id":"https:\/\/statybakitaip.lt\/en\/#organization","name":"ConsAliter","url":"https:\/\/statybakitaip.lt\/en\/","logo":{"@type":"ImageObject","inLanguage":"en-US","@id":"https:\/\/statybakitaip.lt\/en\/#\/schema\/logo\/image\/","url":"https:\/\/statybakitaip.lt\/wp-content\/uploads\/logo_long-darker.png","contentUrl":"https:\/\/statybakitaip.lt\/wp-content\/uploads\/logo_long-darker.png","width":400,"height":175,"caption":"ConsAliter"},"image":{"@id":"https:\/\/statybakitaip.lt\/en\/#\/schema\/logo\/image\/"}}]}},"_links":{"self":[{"href":"https:\/\/statybakitaip.lt\/en\/wp-json\/wp\/v2\/pages\/1085","targetHints":{"allow":["GET"]}}],"collection":[{"href":"https:\/\/statybakitaip.lt\/en\/wp-json\/wp\/v2\/pages"}],"about":[{"href":"https:\/\/statybakitaip.lt\/en\/wp-json\/wp\/v2\/types\/page"}],"author":[{"embeddable":true,"href":"https:\/\/statybakitaip.lt\/en\/wp-json\/wp\/v2\/users\/2"}],"replies":[{"embeddable":true,"href":"https:\/\/statybakitaip.lt\/en\/wp-json\/wp\/v2\/comments?post=1085"}],"version-history":[{"count":4,"href":"https:\/\/statybakitaip.lt\/en\/wp-json\/wp\/v2\/pages\/1085\/revisions"}],"predecessor-version":[{"id":1249,"href":"https:\/\/statybakitaip.lt\/en\/wp-json\/wp\/v2\/pages\/1085\/revisions\/1249"}],"wp:attachment":[{"href":"https:\/\/statybakitaip.lt\/en\/wp-json\/wp\/v2\/media?parent=1085"}],"curies":[{"name":"wp","href":"https:\/\/api.w.org\/{rel}","templated":true}]}}